{"id":272,"date":"2021-09-09T09:56:36","date_gmt":"2021-09-09T09:56:36","guid":{"rendered":"https:\/\/bonosvalencia.atic.green\/?page_id=272"},"modified":"2025-05-12T09:58:03","modified_gmt":"2025-05-12T07:58:03","slug":"adherix-el-teu-comerc","status":"publish","type":"page","link":"https:\/\/bonocomercioquartdepoblet.com\/va\/adherix-el-teu-comerc\/","title":{"rendered":"Adherix el teu comer\u00e7"},"content":{"rendered":"<p>[vc_row full_width=&#8221;stretch_row&#8221; equal_height=&#8221;yes&#8221; content_placement=&#8221;middle&#8221; el_class=&#8221;banner_compra_bono alta&#8221;][vc_column width=&#8221;1\/2&#8243;][vc_raw_html]JTNDcCUyMHN0eWxlJTNEJTIydGV4dC1hbGlnbiUzQSUyMGxlZnQlM0J2ZXJ0aWNhbC1hbGlnbiUzQSUyMG1pZGRsZSUzQiUyMiUzRSUzQ3NwYW4lMjBzdHlsZSUzRCUyMiUwQSUyMCUyMCUyMCUyMGZvbnQtZmFtaWx5JTNBJTIwJTI3RmVsdHJvX0Vyb2RlZCUyNyUyQyUyMHNhbnMtc2VyaWYlM0IlMDklMjB2ZXJ0aWNhbC1hbGlnbiUzQSUyMG1pZGRsZSUzQiUwQSUyMCUyMCUyMCUyMHZlcnRpY2FsLWFsaWduJTNBJTIwbWlkZGxlJTNCJTBBJTIyJTNFRG9uYSUyMGQlMjdhbHRhJTIwZWwlMjAlM0NiciUyMCUyRiUzRXRldSUzQyUyRnNwYW4lM0UlM0NzcGFuJTIwY2xhc3MlM0QlMjJkZXN0YWNhZG8lMjIlMjBzdHlsZSUzRCUyMiUwQSUyMCUyMCUyMCUyMHZlcnRpY2FsLWFsaWduJTNBJTIwbWlkZGxlJTNCJTBBJTIwJTIwJTIwJTIwcGFkZGluZy1sZWZ0JTNBJTIwMjBweCUzQiUwQSUyMiUzRSUyME5lZ29jaSUzQyUyRnNwYW4lM0UlMjAlM0NiciUyRiUzRSUyMCUwQSUzQ2ElMjBzdHlsZSUzRCUyMiUwQSUyMCUyMCUyMCUwQSUyMCUyMCUyMCUyMHZlcnRpY2FsLWFsaWduJTNBJTIwbWlkZGxlJTNCJTBBJTIwJTIwJTIwJTIwYmFja2dyb3VuZCUzQSUyMCUyM2ZmZmZmZiUzQiUwQSUyMCUyMCUyMCUyMGJvcmRlci1yYWRpdXMlM0ElMjAxMHB4JTNCJTBBJTIwJTIwJTIwJTIwY29sb3IlM0ElMjBibGFjayUzQiUwQSUwQSUyMCUyMCUyMCUyMG1hcmdpbi10b3AlM0ElMjA2MHB4JTNCJTBBbWFyZ2luLWJvdHRvbSUzQSUyMDIwcHglM0IlMEElMjIlMjBocmVmJTNEJTIyJTIzYWx0YS1jb21lcmNpbyUyMiUyMHN0eWxlJTNEJTIyJTBBJTIwJTIwJTIwJTIwdmVydGljYWwtYWxpZ24lM0ElMjBtaWRkbGUlM0IlMEElMjIlM0VBREhFUkVJWCUyMEVMJTIwVEVVJTIwRVNUQUJMSU1FTlQlM0MlMkZhJTNFJTNDJTJGcCUzRSUwQSUzQ3NwYW4lM0UlMkFFbCUyMHRlcm1pbmklMjBmaW5hbGl0emFyJUMzJUEwJTIwYSUyMGxlcyUyMDI0aCUyMGVsJTIwZGlqb3VzJTIwMTUlMjBtYWlnJTNDJTJGc3BhbiUzRQ==[\/vc_raw_html][\/vc_column][vc_column width=&#8221;1\/2&#8243;][vc_single_image image=&#8221;1873&#8243; img_size=&#8221;full&#8221;][\/vc_column][\/vc_row][vc_row full_width=&#8221;stretch_row&#8221; css=&#8221;.vc_custom_1745434215834{background-color: #f4d242 !important;}&#8221; el_class=&#8221;puntos_consumidor alta&#8221; el_id=&#8221;banner105&#8243;][vc_column width=&#8221;1\/2&#8243; el_class=&#8221;uno&#8221;][vc_column_text]<\/p>\n<h2>COMPLIR ELS REQUISITS <a style=\"color: black;\" href=\"\/va\/informacio-per-al-comerciant\/\" target=\"_blank\" rel=\"noopener\">Veure requisits<\/a><\/h2>\n<p>[\/vc_column_text][\/vc_column][vc_column width=&#8221;1\/2&#8243; el_class=&#8221;dos&#8221;][vc_column_text]<\/p>\n<h2>OMPLIR FORMULARI <a style=\"color: black;\" href=\"#alta-comercio\" rel=\"noopener\">Comen\u00e7ar<\/a><\/h2>\n<p>[\/vc_column_text][\/vc_column][\/vc_row][vc_row full_width=&#8221;stretch_row&#8221; el_class=&#8221;formulario&#8221; el_id=&#8221;alta-comercio&#8221;][vc_column width=&#8221;1\/2&#8243; css=&#8221;.vc_custom_1747032139358{padding-top: 0px !important;}&#8221;][vc_single_image image=&#8221;1910&#8243; img_size=&#8221;full&#8221; alignment=&#8221;right&#8221;][\/vc_column][vc_column width=&#8221;1\/2&#8243; css=&#8221;.vc_custom_1747032161275{padding-top: 0px !important;}&#8221;][vc_row_inner][vc_column_inner][vc_column_text]<\/p>\n<h2 style=\"text-align: center;\">Dona d&#8217;alta el teu comer\u00e7<\/h2>\n<p>[\/vc_column_text][\/vc_column_inner][\/vc_row_inner][vc_row_inner el_class=&#8221;boton_contorno&#8221;][vc_column_inner][vc_column_text el_id=&#8221;boton_contorno&#8221;]<a href=\"https:\/\/bonocomercioquartdepoblet.com\/wp-content\/uploads\/2025\/04\/BASES-REGULADORAS-BONO-COMERCIO-QUART25-1.pdf\" target=\"_blank\" rel=\"noopener\">Bases reguladores <\/a>[\/vc_column_text][vc_column_text]<a href=\"\/va\/informacio-per-al-comerciant\/\" target=\"_blank\" rel=\"noopener\">Informaci\u00f3 comerciant <\/a>[\/vc_column_text][vc_column_text]<a href=\"https:\/\/bonocomercioquartdepoblet.com\/wp-content\/uploads\/2025\/04\/Declaracion-responsable_VAL.pdf\" target=\"_blank\" rel=\"noopener\">Declaraci\u00f3 responsable del compliment de requisits<\/a>[\/vc_column_text][vc_column_text el_class=&#8221;descarga_cartel&#8221;]<a href=\"https:\/\/bonocomercioquartdepoblet.com\/wp-content\/uploads\/2025\/04\/CARTEL-COMERCIO-ADHERIDO-2023_VAL-2.pdf\" target=\"_blank\" rel=\"noopener\">Desc\u00e0rrega cartell del negoci adherit <\/a>[\/vc_column_text][\/vc_column_inner][\/vc_row_inner][vc_column_text css=&#8221;.vc_custom_1745922599756{padding-right: 10px !important;padding-left: 10px !important;}&#8221;]*A causa de procediments interns de Caixa Popular, el TPV pot tardar fins a 4 dies a activar-se des de la validaci\u00f3 del comer\u00e7, perqu\u00e8 es puguen realitzar compres amb el bo comer\u00e7 Quart de Poblet.[\/vc_column_text][\/vc_column][\/vc_row][vc_row el_class=&#8221;formulario&#8221;][vc_column width=&#8221;1\/6&#8243; css=&#8221;.vc_custom_1631009739164{padding-top: 0px !important;}&#8221;][\/vc_column][vc_column width=&#8221;2\/3&#8243; css=&#8221;.vc_custom_1631009742758{padding-top: 0px !important;}&#8221;][vc_row_inner][vc_column_inner]<h2 style='text-align: center;'>PLAZO DE INSCRIPCI\u00d3N CERRADO.<\/h2>[\/vc_column_inner][\/vc_row_inner][\/vc_column][vc_column width=&#8221;1\/6&#8243; css=&#8221;.vc_custom_1631009747678{padding-top: 0px !important;}&#8221;][\/vc_column][\/vc_row]<\/p>\n","protected":false},"excerpt":{"rendered":"<p>[vc_row full_width=&#8221;stretch_row&#8221; equal_height=&#8221;yes&#8221; content_placement=&#8221;middle&#8221; el_class=&#8221;banner_compra_bono alta&#8221;][vc_column width=&#8221;1\/2&#8243;][vc_raw_html]JTNDcCUyMHN0eWxlJTNEJTIydGV4dC1hbGlnbiUzQSUyMGxlZnQlM0J2ZXJ0aWNhbC1hbGlnbiUzQSUyMG1pZGRsZSUzQiUyMiUzRSUzQ3NwYW4lMjBzdHlsZSUzRCUyMiUwQSUyMCUyMCUyMCUyMGZvbnQtZmFtaWx5JTNBJTIwJTI3RmVsdHJvX0Vyb2RlZCUyNyUyQyUyMHNhbnMtc2VyaWYlM0IlMDklMjB2ZXJ0aWNhbC1hbGlnbiUzQSUyMG1pZGRsZSUzQiUwQSUyMCUyMCUyMCUyMHZlcnRpY2FsLWFsaWduJTNBJTIwbWlkZGxlJTNCJTBBJTIyJTNFRG9uYSUyMGQlMjdhbHRhJTIwZWwlMjAlM0NiciUyMCUyRiUzRXRldSUzQyUyRnNwYW4lM0UlM0NzcGFuJTIwY2xhc3MlM0QlMjJkZXN0YWNhZG8lMjIlMjBzdHlsZSUzRCUyMiUwQSUyMCUyMCUyMCUyMHZlcnRpY2FsLWFsaWduJTNBJTIwbWlkZGxlJTNCJTBBJTIwJTIwJTIwJTIwcGFkZGluZy1sZWZ0JTNBJTIwMjBweCUzQiUwQSUyMiUzRSUyME5lZ29jaSUzQyUyRnNwYW4lM0UlMjAlM0NiciUyRiUzRSUyMCUwQSUzQ2ElMjBzdHlsZSUzRCUyMiUwQSUyMCUyMCUyMCUwQSUyMCUyMCUyMCUyMHZlcnRpY2FsLWFsaWduJTNBJTIwbWlkZGxlJTNCJTBBJTIwJTIwJTIwJTIwYmFja2dyb3VuZCUzQSUyMCUyM2ZmZmZmZiUzQiUwQSUyMCUyMCUyMCUyMGJvcmRlci1yYWRpdXMlM0ElMjAxMHB4JTNCJTBBJTIwJTIwJTIwJTIwY29sb3IlM0ElMjBibGFjayUzQiUwQSUwQSUyMCUyMCUyMCUyMG1hcmdpbi10b3AlM0ElMjA2MHB4JTNCJTBBbWFyZ2luLWJvdHRvbSUzQSUyMDIwcHglM0IlMEElMjIlMjBocmVmJTNEJTIyJTIzYWx0YS1jb21lcmNpbyUyMiUyMHN0eWxlJTNEJTIyJTBBJTIwJTIwJTIwJTIwdmVydGljYWwtYWxpZ24lM0ElMjBtaWRkbGUlM0IlMEElMjIlM0VBREhFUkVJWCUyMEVMJTIwVEVVJTIwRVNUQUJMSU1FTlQlM0MlMkZhJTNFJTNDJTJGcCUzRSUwQSUzQ3NwYW4lM0UlMkFFbCUyMHRlcm1pbmklMjBmaW5hbGl0emFyJUMzJUEwJTIwYSUyMGxlcyUyMDI0aCUyMGVsJTIwZGlqb3VzJTIwMTUlMjBtYWlnJTNDJTJGc3BhbiUzRQ==[\/vc_raw_html][\/vc_column][vc_column width=&#8221;1\/2&#8243;][vc_single_image image=&#8221;1873&#8243; img_size=&#8221;full&#8221;][\/vc_column][\/vc_row][vc_row full_width=&#8221;stretch_row&#8221; css=&#8221;.vc_custom_1745434215834{background-color: #f4d242 !important;}&#8221; el_class=&#8221;puntos_consumidor alta&#8221; el_id=&#8221;banner105&#8243;][vc_column width=&#8221;1\/2&#8243; el_class=&#8221;uno&#8221;][vc_column_text] COMPLIR ELS REQUISITS Veure requisits [\/vc_column_text][\/vc_column][vc_column width=&#8221;1\/2&#8243; el_class=&#8221;dos&#8221;][vc_column_text] OMPLIR FORMULARI Comen\u00e7ar [\/vc_column_text][\/vc_column][\/vc_row][vc_row full_width=&#8221;stretch_row&#8221; el_class=&#8221;formulario&#8221; el_id=&#8221;alta-comercio&#8221;][vc_column width=&#8221;1\/2&#8243; css=&#8221;.vc_custom_1747032139358{padding-top: 0px !important;}&#8221;][vc_single_image image=&#8221;1910&#8243; img_size=&#8221;full&#8221; alignment=&#8221;right&#8221;][\/vc_column][vc_column width=&#8221;1\/2&#8243; css=&#8221;.vc_custom_1747032161275{padding-top: 0px !important;}&#8221;][vc_row_inner][vc_column_inner][vc_column_text] Dona d&#8217;alta el teu comer\u00e7 [\/vc_column_text][\/vc_column_inner][\/vc_row_inner][vc_row_inner el_class=&#8221;boton_contorno&#8221;][vc_column_inner][vc_column_text el_id=&#8221;boton_contorno&#8221;]Bases reguladores [\/vc_column_text][vc_column_text]Informaci\u00f3 [&hellip;]<\/p>\n","protected":false},"author":6,"featured_media":0,"parent":0,"menu_order":0,"comment_status":"closed","ping_status":"closed","template":"","meta":{"footnotes":""},"class_list":["post-272","page","type-page","status-publish","hentry"],"yoast_head":"<!-- This site is optimized with the Yoast SEO plugin v24.9 - https:\/\/yoast.com\/wordpress\/plugins\/seo\/ -->\n<title>Adherix el teu comer\u00e7 - Bo Comer\u00e7 Quart de Poblet<\/title>\n<meta name=\"robots\" content=\"index, follow, max-snippet:-1, max-image-preview:large, max-video-preview:-1\" \/>\n<link rel=\"canonical\" href=\"https:\/\/bonocomercioquartdepoblet.com\/alta-establecimiento\/\" \/>\n<meta property=\"og:locale\" content=\"en_US\" \/>\n<meta property=\"og:type\" content=\"article\" \/>\n<meta property=\"og:title\" content=\"Adherix el teu comer\u00e7 - Bo Comer\u00e7 Quart de Poblet\" \/>\n<meta property=\"og:description\" content=\"[vc_row full_width=&#8221;stretch_row&#8221; equal_height=&#8221;yes&#8221; content_placement=&#8221;middle&#8221; el_class=&#8221;banner_compra_bono alta&#8221;][vc_column width=&#8221;1\/2&#8243;][vc_raw_html]JTNDcCUyMHN0eWxlJTNEJTIydGV4dC1hbGlnbiUzQSUyMGxlZnQlM0J2ZXJ0aWNhbC1hbGlnbiUzQSUyMG1pZGRsZSUzQiUyMiUzRSUzQ3NwYW4lMjBzdHlsZSUzRCUyMiUwQSUyMCUyMCUyMCUyMGZvbnQtZmFtaWx5JTNBJTIwJTI3RmVsdHJvX0Vyb2RlZCUyNyUyQyUyMHNhbnMtc2VyaWYlM0IlMDklMjB2ZXJ0aWNhbC1hbGlnbiUzQSUyMG1pZGRsZSUzQiUwQSUyMCUyMCUyMCUyMHZlcnRpY2FsLWFsaWduJTNBJTIwbWlkZGxlJTNCJTBBJTIyJTNFRG9uYSUyMGQlMjdhbHRhJTIwZWwlMjAlM0NiciUyMCUyRiUzRXRldSUzQyUyRnNwYW4lM0UlM0NzcGFuJTIwY2xhc3MlM0QlMjJkZXN0YWNhZG8lMjIlMjBzdHlsZSUzRCUyMiUwQSUyMCUyMCUyMCUyMHZlcnRpY2FsLWFsaWduJTNBJTIwbWlkZGxlJTNCJTBBJTIwJTIwJTIwJTIwcGFkZGluZy1sZWZ0JTNBJTIwMjBweCUzQiUwQSUyMiUzRSUyME5lZ29jaSUzQyUyRnNwYW4lM0UlMjAlM0NiciUyRiUzRSUyMCUwQSUzQ2ElMjBzdHlsZSUzRCUyMiUwQSUyMCUyMCUyMCUwQSUyMCUyMCUyMCUyMHZlcnRpY2FsLWFsaWduJTNBJTIwbWlkZGxlJTNCJTBBJTIwJTIwJTIwJTIwYmFja2dyb3VuZCUzQSUyMCUyM2ZmZmZmZiUzQiUwQSUyMCUyMCUyMCUyMGJvcmRlci1yYWRpdXMlM0ElMjAxMHB4JTNCJTBBJTIwJTIwJTIwJTIwY29sb3IlM0ElMjBibGFjayUzQiUwQSUwQSUyMCUyMCUyMCUyMG1hcmdpbi10b3AlM0ElMjA2MHB4JTNCJTBBbWFyZ2luLWJvdHRvbSUzQSUyMDIwcHglM0IlMEElMjIlMjBocmVmJTNEJTIyJTIzYWx0YS1jb21lcmNpbyUyMiUyMHN0eWxlJTNEJTIyJTBBJTIwJTIwJTIwJTIwdmVydGljYWwtYWxpZ24lM0ElMjBtaWRkbGUlM0IlMEElMjIlM0VBREhFUkVJWCUyMEVMJTIwVEVVJTIwRVNUQUJMSU1FTlQlM0MlMkZhJTNFJTNDJTJGcCUzRSUwQSUzQ3NwYW4lM0UlMkFFbCUyMHRlcm1pbmklMjBmaW5hbGl0emFyJUMzJUEwJTIwYSUyMGxlcyUyMDI0aCUyMGVsJTIwZGlqb3VzJTIwMTUlMjBtYWlnJTNDJTJGc3BhbiUzRQ==[\/vc_raw_html][\/vc_column][vc_column width=&#8221;1\/2&#8243;][vc_single_image image=&#8221;1873&#8243; img_size=&#8221;full&#8221;][\/vc_column][\/vc_row][vc_row full_width=&#8221;stretch_row&#8221; css=&#8221;.vc_custom_1745434215834{background-color: #f4d242 !important;}&#8221; el_class=&#8221;puntos_consumidor alta&#8221; el_id=&#8221;banner105&#8243;][vc_column width=&#8221;1\/2&#8243; el_class=&#8221;uno&#8221;][vc_column_text] COMPLIR ELS REQUISITS Veure requisits [\/vc_column_text][\/vc_column][vc_column width=&#8221;1\/2&#8243; el_class=&#8221;dos&#8221;][vc_column_text] OMPLIR FORMULARI Comen\u00e7ar [\/vc_column_text][\/vc_column][\/vc_row][vc_row full_width=&#8221;stretch_row&#8221; el_class=&#8221;formulario&#8221; el_id=&#8221;alta-comercio&#8221;][vc_column width=&#8221;1\/2&#8243; css=&#8221;.vc_custom_1747032139358{padding-top: 0px !important;}&#8221;][vc_single_image image=&#8221;1910&#8243; img_size=&#8221;full&#8221; alignment=&#8221;right&#8221;][\/vc_column][vc_column width=&#8221;1\/2&#8243; css=&#8221;.vc_custom_1747032161275{padding-top: 0px !important;}&#8221;][vc_row_inner][vc_column_inner][vc_column_text] Dona d&#8217;alta el teu comer\u00e7 [\/vc_column_text][\/vc_column_inner][\/vc_row_inner][vc_row_inner el_class=&#8221;boton_contorno&#8221;][vc_column_inner][vc_column_text el_id=&#8221;boton_contorno&#8221;]Bases reguladores [\/vc_column_text][vc_column_text]Informaci\u00f3 [&hellip;]\" \/>\n<meta property=\"og:url\" content=\"https:\/\/bonocomercioquartdepoblet.com\/alta-establecimiento\/\" \/>\n<meta property=\"og:site_name\" content=\"Bo Comer\u00e7 Quart de Poblet\" \/>\n<meta property=\"article:modified_time\" content=\"2025-05-12T07:58:03+00:00\" \/>\n<meta name=\"twitter:card\" content=\"summary_large_image\" \/>\n<meta name=\"twitter:label1\" content=\"Est. reading time\" \/>\n\t<meta name=\"twitter:data1\" content=\"2 minutes\" \/>\n<script type=\"application\/ld+json\" class=\"yoast-schema-graph\">{\"@context\":\"https:\/\/schema.org\",\"@graph\":[{\"@type\":\"WebPage\",\"@id\":\"https:\/\/bonocomercioquartdepoblet.com\/alta-establecimiento\/\",\"url\":\"https:\/\/bonocomercioquartdepoblet.com\/alta-establecimiento\/\",\"name\":\"Adherix el teu comer\u00e7 - Bo Comer\u00e7 Quart de Poblet\",\"isPartOf\":{\"@id\":\"https:\/\/bonocomercioquartdepoblet.com\/#website\"},\"datePublished\":\"2021-09-09T09:56:36+00:00\",\"dateModified\":\"2025-05-12T07:58:03+00:00\",\"breadcrumb\":{\"@id\":\"https:\/\/bonocomercioquartdepoblet.com\/alta-establecimiento\/#breadcrumb\"},\"inLanguage\":\"va\",\"potentialAction\":[{\"@type\":\"ReadAction\",\"target\":[\"https:\/\/bonocomercioquartdepoblet.com\/alta-establecimiento\/\"]}]},{\"@type\":\"BreadcrumbList\",\"@id\":\"https:\/\/bonocomercioquartdepoblet.com\/alta-establecimiento\/#breadcrumb\",\"itemListElement\":[{\"@type\":\"ListItem\",\"position\":1,\"name\":\"Portada\",\"item\":\"https:\/\/bonocomercioquartdepoblet.com\/\"},{\"@type\":\"ListItem\",\"position\":2,\"name\":\"Adherix el teu comer\u00e7\"}]},{\"@type\":\"WebSite\",\"@id\":\"https:\/\/bonocomercioquartdepoblet.com\/#website\",\"url\":\"https:\/\/bonocomercioquartdepoblet.com\/\",\"name\":\"Bo Comer\u00e7 Quart de Poblet\",\"description\":\"Bo Comer\u00e7 Quart de Poblet\",\"potentialAction\":[{\"@type\":\"SearchAction\",\"target\":{\"@type\":\"EntryPoint\",\"urlTemplate\":\"https:\/\/bonocomercioquartdepoblet.com\/?s={search_term_string}\"},\"query-input\":{\"@type\":\"PropertyValueSpecification\",\"valueRequired\":true,\"valueName\":\"search_term_string\"}}],\"inLanguage\":\"va\"}]}<\/script>\n<!-- \/ Yoast SEO plugin. -->","yoast_head_json":{"title":"Adherix el teu comer\u00e7 - Bo Comer\u00e7 Quart de Poblet","robots":{"index":"index","follow":"follow","max-snippet":"max-snippet:-1","max-image-preview":"max-image-preview:large","max-video-preview":"max-video-preview:-1"},"canonical":"https:\/\/bonocomercioquartdepoblet.com\/alta-establecimiento\/","og_locale":"en_US","og_type":"article","og_title":"Adherix el teu comer\u00e7 - Bo Comer\u00e7 Quart de Poblet","og_description":"[vc_row full_width=&#8221;stretch_row&#8221; equal_height=&#8221;yes&#8221; content_placement=&#8221;middle&#8221; el_class=&#8221;banner_compra_bono alta&#8221;][vc_column width=&#8221;1\/2&#8243;][vc_raw_html]JTNDcCUyMHN0eWxlJTNEJTIydGV4dC1hbGlnbiUzQSUyMGxlZnQlM0J2ZXJ0aWNhbC1hbGlnbiUzQSUyMG1pZGRsZSUzQiUyMiUzRSUzQ3NwYW4lMjBzdHlsZSUzRCUyMiUwQSUyMCUyMCUyMCUyMGZvbnQtZmFtaWx5JTNBJTIwJTI3RmVsdHJvX0Vyb2RlZCUyNyUyQyUyMHNhbnMtc2VyaWYlM0IlMDklMjB2ZXJ0aWNhbC1hbGlnbiUzQSUyMG1pZGRsZSUzQiUwQSUyMCUyMCUyMCUyMHZlcnRpY2FsLWFsaWduJTNBJTIwbWlkZGxlJTNCJTBBJTIyJTNFRG9uYSUyMGQlMjdhbHRhJTIwZWwlMjAlM0NiciUyMCUyRiUzRXRldSUzQyUyRnNwYW4lM0UlM0NzcGFuJTIwY2xhc3MlM0QlMjJkZXN0YWNhZG8lMjIlMjBzdHlsZSUzRCUyMiUwQSUyMCUyMCUyMCUyMHZlcnRpY2FsLWFsaWduJTNBJTIwbWlkZGxlJTNCJTBBJTIwJTIwJTIwJTIwcGFkZGluZy1sZWZ0JTNBJTIwMjBweCUzQiUwQSUyMiUzRSUyME5lZ29jaSUzQyUyRnNwYW4lM0UlMjAlM0NiciUyRiUzRSUyMCUwQSUzQ2ElMjBzdHlsZSUzRCUyMiUwQSUyMCUyMCUyMCUwQSUyMCUyMCUyMCUyMHZlcnRpY2FsLWFsaWduJTNBJTIwbWlkZGxlJTNCJTBBJTIwJTIwJTIwJTIwYmFja2dyb3VuZCUzQSUyMCUyM2ZmZmZmZiUzQiUwQSUyMCUyMCUyMCUyMGJvcmRlci1yYWRpdXMlM0ElMjAxMHB4JTNCJTBBJTIwJTIwJTIwJTIwY29sb3IlM0ElMjBibGFjayUzQiUwQSUwQSUyMCUyMCUyMCUyMG1hcmdpbi10b3AlM0ElMjA2MHB4JTNCJTBBbWFyZ2luLWJvdHRvbSUzQSUyMDIwcHglM0IlMEElMjIlMjBocmVmJTNEJTIyJTIzYWx0YS1jb21lcmNpbyUyMiUyMHN0eWxlJTNEJTIyJTBBJTIwJTIwJTIwJTIwdmVydGljYWwtYWxpZ24lM0ElMjBtaWRkbGUlM0IlMEElMjIlM0VBREhFUkVJWCUyMEVMJTIwVEVVJTIwRVNUQUJMSU1FTlQlM0MlMkZhJTNFJTNDJTJGcCUzRSUwQSUzQ3NwYW4lM0UlMkFFbCUyMHRlcm1pbmklMjBmaW5hbGl0emFyJUMzJUEwJTIwYSUyMGxlcyUyMDI0aCUyMGVsJTIwZGlqb3VzJTIwMTUlMjBtYWlnJTNDJTJGc3BhbiUzRQ==[\/vc_raw_html][\/vc_column][vc_column width=&#8221;1\/2&#8243;][vc_single_image image=&#8221;1873&#8243; img_size=&#8221;full&#8221;][\/vc_column][\/vc_row][vc_row full_width=&#8221;stretch_row&#8221; css=&#8221;.vc_custom_1745434215834{background-color: #f4d242 !important;}&#8221; el_class=&#8221;puntos_consumidor alta&#8221; el_id=&#8221;banner105&#8243;][vc_column width=&#8221;1\/2&#8243; el_class=&#8221;uno&#8221;][vc_column_text] COMPLIR ELS REQUISITS Veure requisits [\/vc_column_text][\/vc_column][vc_column width=&#8221;1\/2&#8243; el_class=&#8221;dos&#8221;][vc_column_text] OMPLIR FORMULARI Comen\u00e7ar [\/vc_column_text][\/vc_column][\/vc_row][vc_row full_width=&#8221;stretch_row&#8221; el_class=&#8221;formulario&#8221; el_id=&#8221;alta-comercio&#8221;][vc_column width=&#8221;1\/2&#8243; css=&#8221;.vc_custom_1747032139358{padding-top: 0px !important;}&#8221;][vc_single_image image=&#8221;1910&#8243; img_size=&#8221;full&#8221; alignment=&#8221;right&#8221;][\/vc_column][vc_column width=&#8221;1\/2&#8243; css=&#8221;.vc_custom_1747032161275{padding-top: 0px !important;}&#8221;][vc_row_inner][vc_column_inner][vc_column_text] Dona d&#8217;alta el teu comer\u00e7 [\/vc_column_text][\/vc_column_inner][\/vc_row_inner][vc_row_inner el_class=&#8221;boton_contorno&#8221;][vc_column_inner][vc_column_text el_id=&#8221;boton_contorno&#8221;]Bases reguladores [\/vc_column_text][vc_column_text]Informaci\u00f3 [&hellip;]","og_url":"https:\/\/bonocomercioquartdepoblet.com\/alta-establecimiento\/","og_site_name":"Bo Comer\u00e7 Quart de Poblet","article_modified_time":"2025-05-12T07:58:03+00:00","twitter_card":"summary_large_image","twitter_misc":{"Est. reading time":"2 minutes"},"schema":{"@context":"https:\/\/schema.org","@graph":[{"@type":"WebPage","@id":"https:\/\/bonocomercioquartdepoblet.com\/alta-establecimiento\/","url":"https:\/\/bonocomercioquartdepoblet.com\/alta-establecimiento\/","name":"Adherix el teu comer\u00e7 - Bo Comer\u00e7 Quart de Poblet","isPartOf":{"@id":"https:\/\/bonocomercioquartdepoblet.com\/#website"},"datePublished":"2021-09-09T09:56:36+00:00","dateModified":"2025-05-12T07:58:03+00:00","breadcrumb":{"@id":"https:\/\/bonocomercioquartdepoblet.com\/alta-establecimiento\/#breadcrumb"},"inLanguage":"va","potentialAction":[{"@type":"ReadAction","target":["https:\/\/bonocomercioquartdepoblet.com\/alta-establecimiento\/"]}]},{"@type":"BreadcrumbList","@id":"https:\/\/bonocomercioquartdepoblet.com\/alta-establecimiento\/#breadcrumb","itemListElement":[{"@type":"ListItem","position":1,"name":"Portada","item":"https:\/\/bonocomercioquartdepoblet.com\/"},{"@type":"ListItem","position":2,"name":"Adherix el teu comer\u00e7"}]},{"@type":"WebSite","@id":"https:\/\/bonocomercioquartdepoblet.com\/#website","url":"https:\/\/bonocomercioquartdepoblet.com\/","name":"Bo Comer\u00e7 Quart de Poblet","description":"Bo Comer\u00e7 Quart de Poblet","potentialAction":[{"@type":"SearchAction","target":{"@type":"EntryPoint","urlTemplate":"https:\/\/bonocomercioquartdepoblet.com\/?s={search_term_string}"},"query-input":{"@type":"PropertyValueSpecification","valueRequired":true,"valueName":"search_term_string"}}],"inLanguage":"va"}]}},"_links":{"self":[{"href":"https:\/\/bonocomercioquartdepoblet.com\/va\/wp-json\/wp\/v2\/pages\/272","targetHints":{"allow":["GET"]}}],"collection":[{"href":"https:\/\/bonocomercioquartdepoblet.com\/va\/wp-json\/wp\/v2\/pages"}],"about":[{"href":"https:\/\/bonocomercioquartdepoblet.com\/va\/wp-json\/wp\/v2\/types\/page"}],"author":[{"embeddable":true,"href":"https:\/\/bonocomercioquartdepoblet.com\/va\/wp-json\/wp\/v2\/users\/6"}],"replies":[{"embeddable":true,"href":"https:\/\/bonocomercioquartdepoblet.com\/va\/wp-json\/wp\/v2\/comments?post=272"}],"version-history":[{"count":63,"href":"https:\/\/bonocomercioquartdepoblet.com\/va\/wp-json\/wp\/v2\/pages\/272\/revisions"}],"predecessor-version":[{"id":1923,"href":"https:\/\/bonocomercioquartdepoblet.com\/va\/wp-json\/wp\/v2\/pages\/272\/revisions\/1923"}],"wp:attachment":[{"href":"https:\/\/bonocomercioquartdepoblet.com\/va\/wp-json\/wp\/v2\/media?parent=272"}],"curies":[{"name":"wp","href":"https:\/\/api.w.org\/{rel}","templated":true}]}}