{"id":297,"date":"2021-09-09T10:13:03","date_gmt":"2021-09-09T10:13:03","guid":{"rendered":"https:\/\/bonosvalencia.atic.green\/?page_id=297"},"modified":"2025-04-24T10:27:44","modified_gmt":"2025-04-24T08:27:44","slug":"informacio-per-al-comerciant","status":"publish","type":"page","link":"https:\/\/bonocomercioquartdepoblet.com\/va\/informacio-per-al-comerciant\/","title":{"rendered":"Informaci\u00f3 per al comerciant"},"content":{"rendered":"<p>[vc_row][vc_column][vc_column_text]<\/p>\n<h1>INFORMACI\u00d3 PER AL COMER\u00c7<\/h1>\n<p>[\/vc_column_text][\/vc_column][\/vc_row][vc_row el_class=&#8221;textos_pdf&#8221;][vc_column][vc_column_text]<strong>QU\u00c8 S\u00d3N ELS BONS COMER\u00c7 QUART DE POBLET<\/strong><\/p>\n<p>La campanya promocional <strong>BO COMER\u00c7 QUART DE POBLET<\/strong> \u00e9s una iniciativa de l\u2019Ajuntament de Quart de Poblet, duta a terme a partir d\u2019un conveni firmat amb C\u00e1mara Valencia, amb l\u2019objectiu de fomentar la dinamitzaci\u00f3 de l\u2019activitat econ\u00f2mica dels xicotets i mitjans negocis en el municipi de Quart de Poblet.<\/p>\n<p>&nbsp;<\/p>\n<p>En la campanya podran participar els establiments del municipi de Quart de Poblet que complisquen els requisits establits i s\u2019hi adherisquen correctament a trav\u00e9s d\u2019este web <a href=\"http:\/\/www.bonocomercioquartdepoblet.com\">www.bonocomercioquartdepoblet.com<\/a>. Aix\u00ed mateix, podr\u00e0 adquirir el bo qualsevol persona que ho desitge, que l\u2019utilitzar\u00e0 per a l\u2019adquisici\u00f3 de b\u00e9ns i\/o servicis en els locals adherits.<\/p>\n<p><strong>\u00a0<\/strong><\/p>\n<p><strong>REQUISITS D\u2019ADHESI\u00d3 A LA CAMPANYA BO COMER\u00c7 QUART DE POBLET<\/strong><\/p>\n<p>Es podran adherir en el web a trav\u00e9s d\u2019un formulari que trobaran en el portal web de la campanya <a href=\"http:\/\/www.bonocomercioquartdepoblet.com\">www.bonocomercioquartdepoblet.com<\/a> des del <strong>29<\/strong> <strong>d\u2019abril fins al 15 de maig de 2025 <\/strong>els negocis oberts al p\u00fablic situats en el terme municipal de Quart de Poblet i que complisquen els requisits seg\u00fcents:<\/p>\n<ul>\n<li>L\u2019establiment ha d\u2019estar situat en el terme municipal de Quart de Poblet.<\/li>\n<li>Ser una pime conforme a les normes de la UE<\/li>\n<li>L&#8217;establiment haur\u00e0 d&#8217;estar obert al p\u00fablic de manera presencial.<\/li>\n<li>Els requisits t\u00e8cnics indispensables per a l\u2019adhesi\u00f3 a la campanya per part dels establiments comercials \u00e9s tindre un tel\u00e8fon m\u00f2bil amb connexi\u00f3 4G o ordinador connectat a la xarxa wifi o internet ADSL. A m\u00e9s, haur\u00e0 de comptar amb un dispositiu de cobrament o TPV amb banda per a la lectura de les targetes compatible amb la targeta utilitzada; \u00e9s a dir, TPV que tenen un n\u00famero de comer\u00e7 de 9 d\u00edgits compatible amb els sistemes de REDSYS.<\/li>\n<\/ul>\n<p>&nbsp;<\/p>\n<ul>\n<li>Disposar en l\u2019establiment comercial a la vista dels compradors informaci\u00f3 relativa a la campanya <strong>BO COMER\u00c7 <\/strong><strong>QUART DE POBLET<\/strong>, que ser\u00e0 facilitada en el web <a href=\"http:\/\/www.bonocomercioquartdepoblet.com\">bonocomercioquartdepoblet.com<\/a>.<\/li>\n<\/ul>\n<p>S\u2019hi podran adherir els comer\u00e7os oberts al p\u00fablic situats en el terme municipal de Quart de Poblet que estiguen donats d\u2019alta en els IAE indicats en la base 3 de les bases reguladores. En queden exclosos tots aquells ep\u00edgrafs que no apareguen de manera expressa en les bases de la present campanya.<\/p>\n<p><strong>COM ADHERIR-SE A LA CAMPANYA BO COMER\u00c7 QUART DE POBLET<\/strong><\/p>\n<p>Els comer\u00e7os de proximitat participants en la campanya hauran d\u2019inscriure\u2019s en un formulari pr\u00e8viament habilitat en el web <strong>BO COMER\u00c7 <\/strong><strong>QUART DE POBLET<\/strong> <a href=\"http:\/\/www.bonocomercioquartdepoblet.com\">www.bonocomercioquartdepoblet.com<\/a>, en qu\u00e8 hauran de detallar les dades de l\u2019establiment beneficiari, que seran les seg\u00fcents:<\/p>\n<p>&nbsp;<\/p>\n<ul>\n<li>Nom i cognoms de la persona titular i dades de contacte (tel\u00e8fon, adre\u00e7a electr\u00f2nica).<\/li>\n<li>DNI<\/li>\n<li>Nom comercial.<\/li>\n<li>Ra\u00f3 social i CIF.<\/li>\n<li>Adre\u00e7a de l\u2019establiment.<\/li>\n<li>Tel\u00e8fon de contacte, adre\u00e7a electr\u00f2nica, xarxes socials.<\/li>\n<li>N\u00fam. de comer\u00e7 \/ FUC (n\u00famero d\u2019identificaci\u00f3 del comer\u00e7), que t\u00e9 un m\u00e0xim de 9 posicions i est\u00e0 indicat en el TPV.<\/li>\n<li>Aportaci\u00f3 del certificat expedit per l\u2019Ag\u00e8ncia Tribut\u00e0ria relatiu a l\u2019ep\u00edgraf de l\u2019IAE compr\u00e9s entre les activitats indicades en la base 3, o document que ho acredite.<\/li>\n<li>Acceptaci\u00f3 de les bases, aix\u00ed com la declaraci\u00f3 responsable de compliment dels requisits establits per a participar en la campanya (el document es pot descarregar del web).<\/li>\n<li>Logo del comer\u00e7.<\/li>\n<li>Associaci\u00f3 de comerciants a qu\u00e8 es troba adherit.<\/li>\n<\/ul>\n<p>&nbsp;<\/p>\n<p>Una vegada introdu\u00efdes les dades, C\u00e1mara Valencia verificar\u00e0 la idone\u00eftat de l\u2019establiment per a la participaci\u00f3 en la campanya, i, en cas que complisca estos requisits, s\u2019acceptar\u00e0 l\u2019establiment com a beneficiari. En cas que s\u2019haja d\u2019esmenar alguna de les dades, rebr\u00e0 un correu electr\u00f2nic amb la informaci\u00f3 necess\u00e0ria per a fer l\u2019esmena, que haur\u00e0 de ser contestat per l\u2019establiment abans dels tres dies des de la seua recepci\u00f3.<\/p>\n<p>&nbsp;<\/p>\n<p><strong>INSTRUCCIONS PER A LA INSCRIPCI\u00d3 A LA CAMPANYA BO COMER\u00c7 QUART DE POBLET<\/strong><\/p>\n<ol>\n<li>S\u2019hauran d\u2019omplir tots els camps obligatoris que apareixen en el formulari d\u2019adhesi\u00f3.<\/li>\n<li>El comerciant aportar\u00e0 el logo del seu comer\u00e7 i un enlla\u00e7 de la xarxa social o del web perqu\u00e8 puga ser visualitzat pels potencials clients a trav\u00e9s del web <a href=\"http:\/\/www.bonocomercioquartdepoblet.com\">bonocomercioquartdepoblet.com<\/a>. S\u2019haur\u00e0 d\u2019adjuntar el document acreditatiu de l\u2019ep\u00edgraf d\u2019IAE en qu\u00e8 est\u00e0 donat d\u2019alta el comer\u00e7 participant.<\/li>\n<li>Els camps que queden per completar apareixeran en roig en la part inferior de la pantalla.<\/li>\n<li>Per a formar part del programa, s\u2019haur\u00e0 d\u2019acceptar la declaraci\u00f3 responsable i les condicions que apareixen en la pantalla.<\/li>\n<li>Una vegada realitzats els passos anteriors, apareixer\u00e0 el bot\u00f3 \u201cEnviar\u201d.<\/li>\n<li>En els pr\u00f2xims dies, i una vegada verificats els requisits, apareixer\u00e0 en el web en la relaci\u00f3 d\u2019\u201cestabliments adherits\u201d en el sector que haja seleccionat.<\/li>\n<li>Rebr\u00e0 un correu electr\u00f2nic per a informar-lo de si \u00e9s necess\u00e0ria l\u2019esmena d\u2019algun requisit per a procedir a l\u2019adhesi\u00f3.<\/li>\n<li>Els negocis que disposen d\u2019un \u00fanic CIF, per\u00f2 compten amb diversos establiments que complisquen els requisits de la campanya <strong>BO COMER\u00c7 <\/strong><strong>QUART DE POBLET<\/strong>, podran adherir-s\u2019hi tots i cada un d\u2019ells de manera individual.<\/li>\n<\/ol>\n<p><strong>\u00a0<\/strong><\/p>\n<p><strong>QUAN ACUDIR\u00c0 EL CLIENT A COMPRAR AMB BO COMER\u00c7 QUART DE POBLET<\/strong><\/p>\n<p>Qualsevol client podr\u00e0 comprar amb la targeta <strong>BO COMER\u00c7 <\/strong><strong>QUART DE POBLET<\/strong> en un comer\u00e7 adherit des del moment en qu\u00e8 siga arreplegat pels clients <strong>fins al 31 de juliol de 2025<\/strong>.<\/p>\n<p><strong>\u00a0<\/strong><\/p>\n<p><strong>RESOLUCI\u00d3 DE CONSULTES<\/strong><\/p>\n<p>En tot moment, amb un horari comercial de 10:00 a 14:00 h de dilluns a divendres, els comer\u00e7os adherits a la campanya comptaran amb un suport t\u00e8cnic de C\u00e1mara Valencia a trav\u00e9s d\u2019atenci\u00f3 telef\u00f2nica en el n\u00famero 638 667 817, i tamb\u00e9 en l\u2019adre\u00e7a electr\u00f2nica <a href=\"mailto:bonocomercioquartdepoblet@camaravalencia.com\">bonocomercioquartdepoblet@camaravalencia.com<\/a>, que els facilitar\u00e0 suport en mat\u00e8ria de canvi de BONS, aix\u00ed com qualsevol altre requeriment d\u2019ajuda que puga necessitar l\u2019establiment en el proc\u00e9s d\u2019adhesi\u00f3.<\/p>\n<p>&nbsp;<\/p>\n<p>Atenci\u00f3 telef\u00f2nica de dilluns a divendres de 10:00 a 14:00 hores<\/p>\n<p><strong>\ud83d\udcde<\/strong> 638 667 817<\/p>\n<p><strong>\ud83d\udce7<\/strong> <a href=\"mailto:bonocomercioquartdepoblet@camaravalencia.com\">bonocomercioquartdepoblet@camaravalencia.com<\/a>[\/vc_column_text][\/vc_column][\/vc_row]<\/p>\n","protected":false},"excerpt":{"rendered":"<p>[vc_row][vc_column][vc_column_text] INFORMACI\u00d3 PER AL COMER\u00c7 [\/vc_column_text][\/vc_column][\/vc_row][vc_row el_class=&#8221;textos_pdf&#8221;][vc_column][vc_column_text]QU\u00c8 S\u00d3N ELS BONS COMER\u00c7 QUART DE POBLET La campanya promocional BO COMER\u00c7 QUART DE POBLET \u00e9s una iniciativa de l\u2019Ajuntament de Quart de Poblet, duta a terme a partir d\u2019un conveni firmat amb C\u00e1mara Valencia, amb l\u2019objectiu de fomentar la dinamitzaci\u00f3 de l\u2019activitat econ\u00f2mica dels xicotets i mitjans [&hellip;]<\/p>\n","protected":false},"author":6,"featured_media":0,"parent":0,"menu_order":0,"comment_status":"closed","ping_status":"closed","template":"","meta":{"footnotes":""},"class_list":["post-297","page","type-page","status-publish","hentry"],"yoast_head":"<!-- This site is optimized with the Yoast SEO plugin v24.9 - https:\/\/yoast.com\/wordpress\/plugins\/seo\/ -->\n<title>Informaci\u00f3 per al comerciant - Bo Comer\u00e7 Quart de Poblet<\/title>\n<meta name=\"robots\" content=\"index, follow, max-snippet:-1, max-image-preview:large, max-video-preview:-1\" \/>\n<link rel=\"canonical\" href=\"https:\/\/bonocomercioquartdepoblet.com\/va\/informacio-per-al-comerciant\/\" \/>\n<meta property=\"og:locale\" content=\"en_US\" \/>\n<meta property=\"og:type\" content=\"article\" \/>\n<meta property=\"og:title\" content=\"Informaci\u00f3 per al comerciant - Bo Comer\u00e7 Quart de Poblet\" \/>\n<meta property=\"og:description\" content=\"[vc_row][vc_column][vc_column_text] INFORMACI\u00d3 PER AL COMER\u00c7 [\/vc_column_text][\/vc_column][\/vc_row][vc_row el_class=&#8221;textos_pdf&#8221;][vc_column][vc_column_text]QU\u00c8 S\u00d3N ELS BONS COMER\u00c7 QUART DE POBLET La campanya promocional BO COMER\u00c7 QUART DE POBLET \u00e9s una iniciativa de l\u2019Ajuntament de Quart de Poblet, duta a terme a partir d\u2019un conveni firmat amb C\u00e1mara Valencia, amb l\u2019objectiu de fomentar la dinamitzaci\u00f3 de l\u2019activitat econ\u00f2mica dels xicotets i mitjans [&hellip;]\" \/>\n<meta property=\"og:url\" content=\"https:\/\/bonocomercioquartdepoblet.com\/va\/informacio-per-al-comerciant\/\" \/>\n<meta property=\"og:site_name\" content=\"Bo Comer\u00e7 Quart de Poblet\" \/>\n<meta property=\"article:modified_time\" content=\"2025-04-24T08:27:44+00:00\" \/>\n<meta name=\"twitter:card\" content=\"summary_large_image\" \/>\n<meta name=\"twitter:label1\" content=\"Est. reading time\" \/>\n\t<meta name=\"twitter:data1\" content=\"5 minutes\" \/>\n<script type=\"application\/ld+json\" class=\"yoast-schema-graph\">{\"@context\":\"https:\/\/schema.org\",\"@graph\":[{\"@type\":\"WebPage\",\"@id\":\"https:\/\/bonocomercioquartdepoblet.com\/va\/informacio-per-al-comerciant\/\",\"url\":\"https:\/\/bonocomercioquartdepoblet.com\/va\/informacio-per-al-comerciant\/\",\"name\":\"Informaci\u00f3 per al comerciant - Bo Comer\u00e7 Quart de Poblet\",\"isPartOf\":{\"@id\":\"https:\/\/bonocomercioquartdepoblet.com\/#website\"},\"datePublished\":\"2021-09-09T10:13:03+00:00\",\"dateModified\":\"2025-04-24T08:27:44+00:00\",\"breadcrumb\":{\"@id\":\"https:\/\/bonocomercioquartdepoblet.com\/va\/informacio-per-al-comerciant\/#breadcrumb\"},\"inLanguage\":\"va\",\"potentialAction\":[{\"@type\":\"ReadAction\",\"target\":[\"https:\/\/bonocomercioquartdepoblet.com\/va\/informacio-per-al-comerciant\/\"]}]},{\"@type\":\"BreadcrumbList\",\"@id\":\"https:\/\/bonocomercioquartdepoblet.com\/va\/informacio-per-al-comerciant\/#breadcrumb\",\"itemListElement\":[{\"@type\":\"ListItem\",\"position\":1,\"name\":\"Portada\",\"item\":\"https:\/\/bonocomercioquartdepoblet.com\/\"},{\"@type\":\"ListItem\",\"position\":2,\"name\":\"Informaci\u00f3 per al comerciant\"}]},{\"@type\":\"WebSite\",\"@id\":\"https:\/\/bonocomercioquartdepoblet.com\/#website\",\"url\":\"https:\/\/bonocomercioquartdepoblet.com\/\",\"name\":\"Bo Comer\u00e7 Quart de Poblet\",\"description\":\"Bo Comer\u00e7 Quart de Poblet\",\"potentialAction\":[{\"@type\":\"SearchAction\",\"target\":{\"@type\":\"EntryPoint\",\"urlTemplate\":\"https:\/\/bonocomercioquartdepoblet.com\/?s={search_term_string}\"},\"query-input\":{\"@type\":\"PropertyValueSpecification\",\"valueRequired\":true,\"valueName\":\"search_term_string\"}}],\"inLanguage\":\"va\"}]}<\/script>\n<!-- \/ Yoast SEO plugin. -->","yoast_head_json":{"title":"Informaci\u00f3 per al comerciant - Bo Comer\u00e7 Quart de Poblet","robots":{"index":"index","follow":"follow","max-snippet":"max-snippet:-1","max-image-preview":"max-image-preview:large","max-video-preview":"max-video-preview:-1"},"canonical":"https:\/\/bonocomercioquartdepoblet.com\/va\/informacio-per-al-comerciant\/","og_locale":"en_US","og_type":"article","og_title":"Informaci\u00f3 per al comerciant - Bo Comer\u00e7 Quart de Poblet","og_description":"[vc_row][vc_column][vc_column_text] INFORMACI\u00d3 PER AL COMER\u00c7 [\/vc_column_text][\/vc_column][\/vc_row][vc_row el_class=&#8221;textos_pdf&#8221;][vc_column][vc_column_text]QU\u00c8 S\u00d3N ELS BONS COMER\u00c7 QUART DE POBLET La campanya promocional BO COMER\u00c7 QUART DE POBLET \u00e9s una iniciativa de l\u2019Ajuntament de Quart de Poblet, duta a terme a partir d\u2019un conveni firmat amb C\u00e1mara Valencia, amb l\u2019objectiu de fomentar la dinamitzaci\u00f3 de l\u2019activitat econ\u00f2mica dels xicotets i mitjans [&hellip;]","og_url":"https:\/\/bonocomercioquartdepoblet.com\/va\/informacio-per-al-comerciant\/","og_site_name":"Bo Comer\u00e7 Quart de Poblet","article_modified_time":"2025-04-24T08:27:44+00:00","twitter_card":"summary_large_image","twitter_misc":{"Est. reading time":"5 minutes"},"schema":{"@context":"https:\/\/schema.org","@graph":[{"@type":"WebPage","@id":"https:\/\/bonocomercioquartdepoblet.com\/va\/informacio-per-al-comerciant\/","url":"https:\/\/bonocomercioquartdepoblet.com\/va\/informacio-per-al-comerciant\/","name":"Informaci\u00f3 per al comerciant - Bo Comer\u00e7 Quart de Poblet","isPartOf":{"@id":"https:\/\/bonocomercioquartdepoblet.com\/#website"},"datePublished":"2021-09-09T10:13:03+00:00","dateModified":"2025-04-24T08:27:44+00:00","breadcrumb":{"@id":"https:\/\/bonocomercioquartdepoblet.com\/va\/informacio-per-al-comerciant\/#breadcrumb"},"inLanguage":"va","potentialAction":[{"@type":"ReadAction","target":["https:\/\/bonocomercioquartdepoblet.com\/va\/informacio-per-al-comerciant\/"]}]},{"@type":"BreadcrumbList","@id":"https:\/\/bonocomercioquartdepoblet.com\/va\/informacio-per-al-comerciant\/#breadcrumb","itemListElement":[{"@type":"ListItem","position":1,"name":"Portada","item":"https:\/\/bonocomercioquartdepoblet.com\/"},{"@type":"ListItem","position":2,"name":"Informaci\u00f3 per al comerciant"}]},{"@type":"WebSite","@id":"https:\/\/bonocomercioquartdepoblet.com\/#website","url":"https:\/\/bonocomercioquartdepoblet.com\/","name":"Bo Comer\u00e7 Quart de Poblet","description":"Bo Comer\u00e7 Quart de Poblet","potentialAction":[{"@type":"SearchAction","target":{"@type":"EntryPoint","urlTemplate":"https:\/\/bonocomercioquartdepoblet.com\/?s={search_term_string}"},"query-input":{"@type":"PropertyValueSpecification","valueRequired":true,"valueName":"search_term_string"}}],"inLanguage":"va"}]}},"_links":{"self":[{"href":"https:\/\/bonocomercioquartdepoblet.com\/va\/wp-json\/wp\/v2\/pages\/297","targetHints":{"allow":["GET"]}}],"collection":[{"href":"https:\/\/bonocomercioquartdepoblet.com\/va\/wp-json\/wp\/v2\/pages"}],"about":[{"href":"https:\/\/bonocomercioquartdepoblet.com\/va\/wp-json\/wp\/v2\/types\/page"}],"author":[{"embeddable":true,"href":"https:\/\/bonocomercioquartdepoblet.com\/va\/wp-json\/wp\/v2\/users\/6"}],"replies":[{"embeddable":true,"href":"https:\/\/bonocomercioquartdepoblet.com\/va\/wp-json\/wp\/v2\/comments?post=297"}],"version-history":[{"count":32,"href":"https:\/\/bonocomercioquartdepoblet.com\/va\/wp-json\/wp\/v2\/pages\/297\/revisions"}],"predecessor-version":[{"id":1845,"href":"https:\/\/bonocomercioquartdepoblet.com\/va\/wp-json\/wp\/v2\/pages\/297\/revisions\/1845"}],"wp:attachment":[{"href":"https:\/\/bonocomercioquartdepoblet.com\/va\/wp-json\/wp\/v2\/media?parent=297"}],"curies":[{"name":"wp","href":"https:\/\/api.w.org\/{rel}","templated":true}]}}