{"id":308,"date":"2021-09-09T10:19:36","date_gmt":"2021-09-09T10:19:36","guid":{"rendered":"https:\/\/bonosvalencia.atic.green\/?page_id=308"},"modified":"2025-04-23T20:34:22","modified_gmt":"2025-04-23T18:34:22","slug":"imformacio-per-als-clients","status":"publish","type":"page","link":"https:\/\/bonocomercioquartdepoblet.com\/va\/imformacio-per-als-clients\/","title":{"rendered":"Informaci\u00f3 per als clients"},"content":{"rendered":"<p>[vc_row][vc_column][vc_column_text]<\/p>\n<h1>M\u00c9S IMFORMACI\u00d3 PER ALS CLIENTS<\/h1>\n<p>[\/vc_column_text][\/vc_column][\/vc_row][vc_row el_class=&#8221;textos_pdf&#8221;][vc_column][vc_column_text]<strong>QU\u00c8 S\u00d3N ELS BONS COMER\u00c7 <\/strong><strong>QUART DE POBLET<\/strong><\/p>\n<p>La campanya BO COMER\u00c7 QUART DE POBLET \u00e9s una iniciativa de l\u2019Ajuntament de Quart de Poblet, duta a terme a partir d\u2019un conveni firmat amb C\u00e1mara Valencia, amb l\u2019objectiu de fomentar la dinamitzaci\u00f3 de l\u2019activitat econ\u00f2mica dels xicotets i mitjans negocis de Quart de Poblet. Cada bo tindr\u00e0 un valor de 80 \u20ac.<\/p>\n<p><strong>\u00a0<\/strong><\/p>\n<p><strong>COMER\u00c7OS PARTICIPANTS EN LA CAMPANYA <\/strong><strong>BO COMER\u00c7 <\/strong><strong>QUART DE POBLET<\/strong><\/p>\n<p>En la campanya podran participar els comer\u00e7os de Quart de Poblet que complisquen els requisits establits i s\u2019hi adherisquen correctament a trav\u00e9s del web <a href=\"http:\/\/www.bonocomercioquartdepoblet.com\">www.bonocomercioquartdepoblet.com<\/a>.<\/p>\n<p>&nbsp;<\/p>\n<p><strong>QUI POT ADQUIRIR EL <\/strong><strong>BO COMER\u00c7 <\/strong><strong>QUART DE POBLET<\/strong><\/p>\n<p>Qualsevol consumidor major de 18 anys podr\u00e0 obtindre, associat a un DNI\/NIE, <strong>UN BO de 80 \u20ac<\/strong> per a les compres en els comer\u00e7os adherits a la campanya, dels quals el client aportar\u00e0 40 \u20ac a trav\u00e9s de la passarel\u00b7la de pagament habilitada en el web <a href=\"http:\/\/www.bonococomercioquartdepoblet.com\">www.bonococomercioquartdepoblet.com<\/a>, i el 50% restant (40 \u20ac) ser\u00e0 aportat directament per l\u2019Ajuntament de Quart de Poblet. L\u2019acc\u00e9s als bons es determinar\u00e0 per orde de petici\u00f3, i es concediran a totes les persones les sol\u00b7licituds de les quals reunisquen els requisits establits en les bases, sense que en cap cas se supere el cr\u00e8dit autoritzat en la convocat\u00f2ria.<\/p>\n<p>L\u2019usuari podr\u00e0 obtindre UN BO de 80 \u20ac, que podr\u00e0 ser canviat en la compra de b\u00e9ns i\/o servicis en els establiments adherits que figuren inscrits en el web <a href=\"http:\/\/www.bonococomercioquartdepoblet.com\">www.bonococomercioquartdepoblet.com<\/a>.<\/p>\n<p><strong>\u00a0<\/strong><\/p>\n<p><strong>QUAN UTILITZAR EL BO COMER\u00c7 <\/strong><strong>QUART DE POBLET<\/strong><\/p>\n<p>El BO COMER\u00c7 QUART DE POBLET podr\u00e0 ser utilitzat per al pagament de compres i servicis en els establiments adherits des del moment en qu\u00e8 siga arreplegat pels clients <strong>fins al 31 <\/strong><strong>de juliol de 2025<\/strong>, data en qu\u00e8 finalitza la campanya promocional.<\/p>\n<p>&nbsp;<\/p>\n<p><strong>COM UTILITZAR EL <\/strong><strong>BO COMER\u00c7 <\/strong><strong>QUART DE POBLET<\/strong><\/p>\n<p>L\u2019usuari que fa\u00e7a una compra en l\u2019establiment presentar\u00e0 el seu bo per valor de 80 \u20ac per al seu canvi. El comer\u00e7 passar\u00e0 el bo en format de targeta banc\u00e0ria prepagament pel dat\u00e0fon. Si l\u2019import de la compra excedix l\u2019import del bo, el client haur\u00e0 d\u2019abonar l\u2019exc\u00e9s a trav\u00e9s de qualsevol m\u00e8tode de pagament adm\u00e9s en l\u2019establiment. Es podr\u00e0 utilitzar parcialment el saldo de la targeta en diverses compres en els establiments adherits, i no permetr\u00e0 la retirada d\u2019efectiu ni la compra de productes o servicis en l\u00ednia.<\/p>\n<p>La utilitzaci\u00f3 del bo ser\u00e0 compatible amb qualsevol tipus de descompte, oferta o rebaixa disponible en l\u2019establiment comercial per al producte que es vol adquirir.<\/p>\n<p>Els productes que s\u2019hi adquirisquen a trav\u00e9s del BO QUART DE POBLET podran ser canviats, si l\u2019establiment ho autoritza, per un producte de preu igual o superior (abonant la difer\u00e8ncia el\/la client\/a), per\u00f2 en cap cas es podr\u00e0 sol\u00b7licitar la devoluci\u00f3 dels diners. El comer\u00e7 haur\u00e0 de mostrar les condicions de compra del BO COMER\u00c7 QUART DE POBLET en un lloc visible i accessible per al p\u00fablic.<\/p>\n<p>El BO \u00e9s d\u2019\u00fas exclusiu per a la compra en els comer\u00e7os adherits i no permetr\u00e0 la retirada d\u2019efectiu.<\/p>\n<p>La compra de qualsevol producte i\/o servici amb el <strong>BO COMER\u00c7 QUART DE POBLET s\u2019ha de fer sempre de manera presencial en el negoci adherit a la campanya.<\/strong><\/p>\n<p>&nbsp;<\/p>\n<p><strong>CONSULTA DE SALDOS <\/strong><strong>BO COMER\u00c7 <\/strong><strong>QUART DE POBLET<\/strong><\/p>\n<p>L\u2019usuari podr\u00e0 consultar de manera gratu\u00efta el saldo en el web \u00a0<a href=\"https:\/\/www.tutarjetaregalo.com\/\">https:\/\/www.tutarjetaregalo.com<\/a>. No tindr\u00e0 cap cost addicional.<\/p>\n<p>&nbsp;<\/p>\n<p><strong>QUAN ADQUIRIR EL <\/strong><strong>BO COMER\u00c7<\/strong><strong> QUART DE POBLET<\/strong><\/p>\n<h2>La venda dels bons a la ciutadania s\u2019iniciar\u00e0 el <strong>22 de maig de 2025<\/strong><u>,<\/u> fins al final d\u2019exist\u00e8ncies, segons la disponibilitat pressupost\u00e0ria.<\/h2>\n<p>El termini establit per al consum de bons en els establiments adherits abastar\u00e0 el per\u00edode compr\u00e9s entre l\u2019entrega de la targeta <strong>fins al 31 de juliol de 2025<\/strong>.<\/p>\n<p>En cap cas es tornaran els diners (40 \u20ac) per la ren\u00fancia de la persona compradora ni pel fet de no complir els requisits del BO COMER\u00c7 QUART DE POBLET.<\/p>\n<p>&nbsp;<\/p>\n<p><strong>A ON ADQUIRIR EL <\/strong><strong>BO COMER\u00c7 <\/strong><strong>QUART DE POBLET<\/strong><\/p>\n<p>El BO COMER\u00c7 QUART DE POBLET es podr\u00e0 adquirir a trav\u00e9s d\u2019este web, fent clic en la pestanya COMPRA EL TEU BO i seguint el proc\u00e9s que s\u2019indica a continuaci\u00f3.<\/p>\n<p>&nbsp;<\/p>\n<p><strong>COM ADQUIRIR <\/strong><strong>BO COMER\u00c7 <\/strong><strong>QUART DE POBLET<\/strong><\/p>\n<p>L\u2019usuari accedir\u00e0 a l\u2019espai habilitat per a fer-ho en el web de la campanya, i introduir\u00e0 les dades personals sol\u00b7licitades en l\u2019adquisici\u00f3 dels BONS COMER\u00c7 QUART DE POBLET. A continuaci\u00f3 rebr\u00e0 un correu electr\u00f2nic vinculat al seu DNI\/NIE, de manera que el bo estar\u00e0 vinculat a estes dades personals. Per a satisfer l\u2019import del bo, el sol\u00b7licitant abonar\u00e0 40 \u20ac amb targeta banc\u00e0ria, a trav\u00e9s de la passarel\u00b7la de pagament.<\/p>\n<p>&nbsp;<\/p>\n<p><strong>A ON I QUAN ARREPLEGAR EL BO COMER\u00c7 <\/strong><strong>QUART DE POBLET<\/strong><\/p>\n<p>Una vegada satisfet l\u2019import del bo, s\u2019arreplegar\u00e0 de manera presencial, <strong>transcorreguts cinc dies aproximadament<\/strong> des de la seua adquisici\u00f3, en el <strong>Centre d\u2019Ocupaci\u00f3 i Desenvolupament de Quart de Poblet<\/strong> (C\/ Jos\u00e9 Mar\u00eda Coll, 8) de l\u2019Ajuntament de Quart de Poblet, en horari de 09:00 a 14:00 hores. L\u2019organitzaci\u00f3 podria habilitar temporalment l\u2019arreplega en altres punts, i n\u2019informar\u00e0 a trav\u00e9s del web. Ser\u00e0 necess\u00e0ria la presentaci\u00f3 del DNI original.<\/p>\n<p>Quan el consumidor vullga arreplegar el <strong>BO COMER\u00c7 QUART DE POBLET<\/strong> d\u2019un tercer, haur\u00e0 d\u2019aportar una autoritzaci\u00f3 nominativa (disponible en l\u2019apartat \u201ccompra el teu bo\u201d), fotoc\u00f2pia del DNI del titular del bo i l\u2019original de la persona autoritzada.<\/p>\n<p><strong>FINS A QUAN UTILITZAR EL <\/strong><strong>BO COMER\u00c7 <\/strong><strong>QUART DE POBLET<\/strong><\/p>\n<p>La quantitat no canviada en la targeta una vegada passat el <strong>31 de juliol de 2025<\/strong>, termini de vig\u00e8ncia de la campanya promocional BO COMER\u00c7 QUART DE POBLET, ja no podr\u00e0 ser utilitzada per la persona titular del bo comer\u00e7.<\/p>\n<p>L\u2019import dels bons adquirits i no canviats per les persones compradores dins del termini establit per a fer-ho ser\u00e0 reintegrat a l\u2019Ajuntament de QUART DE POBLET.<\/p>\n<p>&nbsp;<\/p>\n<p><strong>CONDICIONS RECLAMACIONS PELS USUARIS<\/strong><\/p>\n<p>En cap cas es tornar\u00e0 el pagament de 40 \u20ac per la ren\u00fancia al bo de la persona compradora, ni pel fet de no complir els requisits de les bases reguladores de la campanya. No s\u2019atendran reclamacions presentades despr\u00e9s del 31 de juliol de 2025.<\/p>\n<p>Ni l\u2019Ajuntament de Quart de Poblet ni C\u00e1mara Valencia es responsabilitzen del deteriorament, la p\u00e8rdua o la sostracci\u00f3 del BO COMER\u00c7 QUART DE POBLET, que no ser\u00e0 reembossable en cap cas.<\/p>\n<p>&nbsp;<\/p>\n<p>Atenci\u00f3 telef\u00f2nica de dilluns a divendres de 10:00 a 14:00 h<\/p>\n<p>&nbsp;<\/p>\n<p><strong>\ud83d\udcde<\/strong> 638 667 817<\/p>\n<p>&nbsp;<\/p>\n<p><strong>\ud83d\udce7<\/strong> <a href=\"mailto:bonocomercioquartdepoblet@camaravalencia.com\">bonocomercioquartdepoblet@camaravalencia.com<\/a>[\/vc_column_text][\/vc_column][\/vc_row]<\/p>\n","protected":false},"excerpt":{"rendered":"<p>[vc_row][vc_column][vc_column_text] M\u00c9S IMFORMACI\u00d3 PER ALS CLIENTS [\/vc_column_text][\/vc_column][\/vc_row][vc_row el_class=&#8221;textos_pdf&#8221;][vc_column][vc_column_text]QU\u00c8 S\u00d3N ELS BONS COMER\u00c7 QUART DE POBLET La campanya BO COMER\u00c7 QUART DE POBLET \u00e9s una iniciativa de l\u2019Ajuntament de Quart de Poblet, duta a terme a partir d\u2019un conveni firmat amb C\u00e1mara Valencia, amb l\u2019objectiu de fomentar la dinamitzaci\u00f3 de l\u2019activitat econ\u00f2mica dels xicotets i mitjans [&hellip;]<\/p>\n","protected":false},"author":6,"featured_media":0,"parent":0,"menu_order":0,"comment_status":"closed","ping_status":"closed","template":"","meta":{"footnotes":""},"class_list":["post-308","page","type-page","status-publish","hentry"],"yoast_head":"<!-- This site is optimized with the Yoast SEO plugin v24.9 - https:\/\/yoast.com\/wordpress\/plugins\/seo\/ -->\n<title>Informaci\u00f3 per als clients - Bo Comer\u00e7 Quart de Poblet<\/title>\n<meta name=\"robots\" content=\"index, follow, max-snippet:-1, max-image-preview:large, max-video-preview:-1\" \/>\n<link rel=\"canonical\" href=\"https:\/\/bonocomercioquartdepoblet.com\/va\/imformacio-per-als-clients\/\" \/>\n<meta property=\"og:locale\" content=\"en_US\" \/>\n<meta property=\"og:type\" content=\"article\" \/>\n<meta property=\"og:title\" content=\"Informaci\u00f3 per als clients - Bo Comer\u00e7 Quart de Poblet\" \/>\n<meta property=\"og:description\" content=\"[vc_row][vc_column][vc_column_text] M\u00c9S IMFORMACI\u00d3 PER ALS CLIENTS [\/vc_column_text][\/vc_column][\/vc_row][vc_row el_class=&#8221;textos_pdf&#8221;][vc_column][vc_column_text]QU\u00c8 S\u00d3N ELS BONS COMER\u00c7 QUART DE POBLET La campanya BO COMER\u00c7 QUART DE POBLET \u00e9s una iniciativa de l\u2019Ajuntament de Quart de Poblet, duta a terme a partir d\u2019un conveni firmat amb C\u00e1mara Valencia, amb l\u2019objectiu de fomentar la dinamitzaci\u00f3 de l\u2019activitat econ\u00f2mica dels xicotets i mitjans [&hellip;]\" \/>\n<meta property=\"og:url\" content=\"https:\/\/bonocomercioquartdepoblet.com\/va\/imformacio-per-als-clients\/\" \/>\n<meta property=\"og:site_name\" content=\"Bo Comer\u00e7 Quart de Poblet\" \/>\n<meta property=\"article:modified_time\" content=\"2025-04-23T18:34:22+00:00\" \/>\n<meta name=\"twitter:card\" content=\"summary_large_image\" \/>\n<meta name=\"twitter:label1\" content=\"Est. reading time\" \/>\n\t<meta name=\"twitter:data1\" content=\"5 minutes\" \/>\n<script type=\"application\/ld+json\" class=\"yoast-schema-graph\">{\"@context\":\"https:\/\/schema.org\",\"@graph\":[{\"@type\":\"WebPage\",\"@id\":\"https:\/\/bonocomercioquartdepoblet.com\/va\/imformacio-per-als-clients\/\",\"url\":\"https:\/\/bonocomercioquartdepoblet.com\/va\/imformacio-per-als-clients\/\",\"name\":\"Informaci\u00f3 per als clients - Bo Comer\u00e7 Quart de Poblet\",\"isPartOf\":{\"@id\":\"https:\/\/bonocomercioquartdepoblet.com\/#website\"},\"datePublished\":\"2021-09-09T10:19:36+00:00\",\"dateModified\":\"2025-04-23T18:34:22+00:00\",\"breadcrumb\":{\"@id\":\"https:\/\/bonocomercioquartdepoblet.com\/va\/imformacio-per-als-clients\/#breadcrumb\"},\"inLanguage\":\"va\",\"potentialAction\":[{\"@type\":\"ReadAction\",\"target\":[\"https:\/\/bonocomercioquartdepoblet.com\/va\/imformacio-per-als-clients\/\"]}]},{\"@type\":\"BreadcrumbList\",\"@id\":\"https:\/\/bonocomercioquartdepoblet.com\/va\/imformacio-per-als-clients\/#breadcrumb\",\"itemListElement\":[{\"@type\":\"ListItem\",\"position\":1,\"name\":\"Portada\",\"item\":\"https:\/\/bonocomercioquartdepoblet.com\/\"},{\"@type\":\"ListItem\",\"position\":2,\"name\":\"Informaci\u00f3 per als clients\"}]},{\"@type\":\"WebSite\",\"@id\":\"https:\/\/bonocomercioquartdepoblet.com\/#website\",\"url\":\"https:\/\/bonocomercioquartdepoblet.com\/\",\"name\":\"Bo Comer\u00e7 Quart de Poblet\",\"description\":\"Bo Comer\u00e7 Quart de Poblet\",\"potentialAction\":[{\"@type\":\"SearchAction\",\"target\":{\"@type\":\"EntryPoint\",\"urlTemplate\":\"https:\/\/bonocomercioquartdepoblet.com\/?s={search_term_string}\"},\"query-input\":{\"@type\":\"PropertyValueSpecification\",\"valueRequired\":true,\"valueName\":\"search_term_string\"}}],\"inLanguage\":\"va\"}]}<\/script>\n<!-- \/ Yoast SEO plugin. -->","yoast_head_json":{"title":"Informaci\u00f3 per als clients - Bo Comer\u00e7 Quart de Poblet","robots":{"index":"index","follow":"follow","max-snippet":"max-snippet:-1","max-image-preview":"max-image-preview:large","max-video-preview":"max-video-preview:-1"},"canonical":"https:\/\/bonocomercioquartdepoblet.com\/va\/imformacio-per-als-clients\/","og_locale":"en_US","og_type":"article","og_title":"Informaci\u00f3 per als clients - Bo Comer\u00e7 Quart de Poblet","og_description":"[vc_row][vc_column][vc_column_text] M\u00c9S IMFORMACI\u00d3 PER ALS CLIENTS [\/vc_column_text][\/vc_column][\/vc_row][vc_row el_class=&#8221;textos_pdf&#8221;][vc_column][vc_column_text]QU\u00c8 S\u00d3N ELS BONS COMER\u00c7 QUART DE POBLET La campanya BO COMER\u00c7 QUART DE POBLET \u00e9s una iniciativa de l\u2019Ajuntament de Quart de Poblet, duta a terme a partir d\u2019un conveni firmat amb C\u00e1mara Valencia, amb l\u2019objectiu de fomentar la dinamitzaci\u00f3 de l\u2019activitat econ\u00f2mica dels xicotets i mitjans [&hellip;]","og_url":"https:\/\/bonocomercioquartdepoblet.com\/va\/imformacio-per-als-clients\/","og_site_name":"Bo Comer\u00e7 Quart de Poblet","article_modified_time":"2025-04-23T18:34:22+00:00","twitter_card":"summary_large_image","twitter_misc":{"Est. reading time":"5 minutes"},"schema":{"@context":"https:\/\/schema.org","@graph":[{"@type":"WebPage","@id":"https:\/\/bonocomercioquartdepoblet.com\/va\/imformacio-per-als-clients\/","url":"https:\/\/bonocomercioquartdepoblet.com\/va\/imformacio-per-als-clients\/","name":"Informaci\u00f3 per als clients - Bo Comer\u00e7 Quart de Poblet","isPartOf":{"@id":"https:\/\/bonocomercioquartdepoblet.com\/#website"},"datePublished":"2021-09-09T10:19:36+00:00","dateModified":"2025-04-23T18:34:22+00:00","breadcrumb":{"@id":"https:\/\/bonocomercioquartdepoblet.com\/va\/imformacio-per-als-clients\/#breadcrumb"},"inLanguage":"va","potentialAction":[{"@type":"ReadAction","target":["https:\/\/bonocomercioquartdepoblet.com\/va\/imformacio-per-als-clients\/"]}]},{"@type":"BreadcrumbList","@id":"https:\/\/bonocomercioquartdepoblet.com\/va\/imformacio-per-als-clients\/#breadcrumb","itemListElement":[{"@type":"ListItem","position":1,"name":"Portada","item":"https:\/\/bonocomercioquartdepoblet.com\/"},{"@type":"ListItem","position":2,"name":"Informaci\u00f3 per als clients"}]},{"@type":"WebSite","@id":"https:\/\/bonocomercioquartdepoblet.com\/#website","url":"https:\/\/bonocomercioquartdepoblet.com\/","name":"Bo Comer\u00e7 Quart de Poblet","description":"Bo Comer\u00e7 Quart de Poblet","potentialAction":[{"@type":"SearchAction","target":{"@type":"EntryPoint","urlTemplate":"https:\/\/bonocomercioquartdepoblet.com\/?s={search_term_string}"},"query-input":{"@type":"PropertyValueSpecification","valueRequired":true,"valueName":"search_term_string"}}],"inLanguage":"va"}]}},"_links":{"self":[{"href":"https:\/\/bonocomercioquartdepoblet.com\/va\/wp-json\/wp\/v2\/pages\/308","targetHints":{"allow":["GET"]}}],"collection":[{"href":"https:\/\/bonocomercioquartdepoblet.com\/va\/wp-json\/wp\/v2\/pages"}],"about":[{"href":"https:\/\/bonocomercioquartdepoblet.com\/va\/wp-json\/wp\/v2\/types\/page"}],"author":[{"embeddable":true,"href":"https:\/\/bonocomercioquartdepoblet.com\/va\/wp-json\/wp\/v2\/users\/6"}],"replies":[{"embeddable":true,"href":"https:\/\/bonocomercioquartdepoblet.com\/va\/wp-json\/wp\/v2\/comments?post=308"}],"version-history":[{"count":40,"href":"https:\/\/bonocomercioquartdepoblet.com\/va\/wp-json\/wp\/v2\/pages\/308\/revisions"}],"predecessor-version":[{"id":1783,"href":"https:\/\/bonocomercioquartdepoblet.com\/va\/wp-json\/wp\/v2\/pages\/308\/revisions\/1783"}],"wp:attachment":[{"href":"https:\/\/bonocomercioquartdepoblet.com\/va\/wp-json\/wp\/v2\/media?parent=308"}],"curies":[{"name":"wp","href":"https:\/\/api.w.org\/{rel}","templated":true}]}}